{"id":477,"date":"2025-02-27T14:39:17","date_gmt":"2025-02-27T13:39:17","guid":{"rendered":"https:\/\/ristorantelacarbonara.it\/?page_id=477"},"modified":"2025-05-02T11:11:32","modified_gmt":"2025-05-02T09:11:32","slug":"la-cantina","status":"publish","type":"page","link":"https:\/\/ristorantelacarbonara.it\/en\/la-cantina\/","title":{"rendered":"The Cellar"},"content":{"rendered":"\t\t<div data-elementor-type=\"wp-page\" data-elementor-id=\"477\" class=\"elementor elementor-477\" data-elementor-post-type=\"page\">\n\t\t\t\t<div class=\"elementor-element elementor-element-b8e6e07 e-con-full e-flex e-con e-parent\" data-id=\"b8e6e07\" data-element_type=\"container\" data-e-type=\"container\" data-settings=\"{&quot;background_background&quot;:&quot;classic&quot;}\">\n\t\t<div class=\"elementor-element elementor-element-b6f1554 e-con-full e-flex e-con e-child\" data-id=\"b6f1554\" data-element_type=\"container\" data-e-type=\"container\">\n\t\t\t\t<div class=\"elementor-element elementor-element-3f2c27c elementor-widget__width-initial elementor-widget elementor-widget-image\" data-id=\"3f2c27c\" data-element_type=\"widget\" data-e-type=\"widget\" data-widget_type=\"image.default\">\n\t\t\t\t<div class=\"elementor-widget-container\">\n\t\t\t\t\t\t\t\t\t\t\t\t\t\t\t<img fetchpriority=\"high\" decoding=\"async\" width=\"800\" height=\"367\" src=\"https:\/\/ristorantelacarbonara.it\/wp-content\/uploads\/2024\/11\/carbonaralogo-1024x470.png\" class=\"attachment-large size-large wp-image-113\" alt=\"\" srcset=\"https:\/\/ristorantelacarbonara.it\/wp-content\/uploads\/2024\/11\/carbonaralogo-1024x470.png 1024w, https:\/\/ristorantelacarbonara.it\/wp-content\/uploads\/2024\/11\/carbonaralogo-300x138.png 300w, https:\/\/ristorantelacarbonara.it\/wp-content\/uploads\/2024\/11\/carbonaralogo-768x352.png 768w, https:\/\/ristorantelacarbonara.it\/wp-content\/uploads\/2024\/11\/carbonaralogo-1536x704.png 1536w, https:\/\/ristorantelacarbonara.it\/wp-content\/uploads\/2024\/11\/carbonaralogo.png 2048w\" sizes=\"(max-width: 800px) 100vw, 800px\" \/>\t\t\t\t\t\t\t\t\t\t\t\t\t\t\t<\/div>\n\t\t\t\t<\/div>\n\t\t\t\t<div class=\"elementor-element elementor-element-070f512 elementor-widget elementor-widget-heading\" data-id=\"070f512\" data-element_type=\"widget\" data-e-type=\"widget\" data-widget_type=\"heading.default\">\n\t\t\t\t<div class=\"elementor-widget-container\">\n\t\t\t\t\t<h2 class=\"elementor-heading-title elementor-size-default\">La<br>Cantina<\/h2>\t\t\t\t<\/div>\n\t\t\t\t<\/div>\n\t\t<div class=\"elementor-element elementor-element-5ea3409 e-con-full elementor-hidden-desktop e-flex e-con e-child\" data-id=\"5ea3409\" data-element_type=\"container\" data-e-type=\"container\" data-settings=\"{&quot;background_background&quot;:&quot;classic&quot;,&quot;position&quot;:&quot;absolute&quot;}\">\n\t\t\t\t<\/div>\n\t\t\t\t<\/div>\n\t\t<div class=\"elementor-element elementor-element-091b71d e-con-full e-flex e-con e-child\" data-id=\"091b71d\" data-element_type=\"container\" data-e-type=\"container\">\n\t\t<div class=\"elementor-element elementor-element-fec07d9 e-con-full e-flex e-con e-child\" data-id=\"fec07d9\" data-element_type=\"container\" data-e-type=\"container\">\n\t\t\t\t<div class=\"elementor-element elementor-element-ec44045 elementor-widget__width-initial elementor-widget elementor-widget-heading\" data-id=\"ec44045\" data-element_type=\"widget\" data-e-type=\"widget\" data-widget_type=\"heading.default\">\n\t\t\t\t<div class=\"elementor-widget-container\">\n\t\t\t\t\t<h2 class=\"elementor-heading-title elementor-size-default\">PASSIONE, SCOPERTA E CONDIVISIONE\n<\/h2>\t\t\t\t<\/div>\n\t\t\t\t<\/div>\n\t\t\t\t<div class=\"elementor-element elementor-element-53b65d5 elementor-widget__width-initial elementor-widget elementor-widget-text-editor\" data-id=\"53b65d5\" data-element_type=\"widget\" data-e-type=\"widget\" data-widget_type=\"text-editor.default\">\n\t\t\t\t<div class=\"elementor-widget-container\">\n\t\t\t\t\t\t\t\t\t<p><span style=\"font-weight: 400;\">Il vino per noi \u00e8 passione, scoperta e condivisione. La passione ci lega alle aziende e ai piccoli vignaioli che ogni giorno cercano di valorizzare il proprio territorio attraverso il vino. La scoperta \u00e8 il lavoro di ricerca, alimentato da una costante curiosit\u00e0 per scoprire nuove realt\u00e0. La condivisione con voi delle nostre selezioni e dei nostri consigli per proporvi sempre la giusta bottiglia.\u00a0<\/span><\/p><p>\u00a0<\/p><p><span style=\"font-weight: 400;\">La condivisione del vino in tavola, che genera gioia e crea legami indissolubili.<\/span><\/p>\t\t\t\t\t\t\t\t<\/div>\n\t\t\t\t<\/div>\n\t\t<div class=\"elementor-element elementor-element-a4022e0 e-con-full e-flex e-con e-child\" data-id=\"a4022e0\" data-element_type=\"container\" data-e-type=\"container\">\n\t\t<div class=\"elementor-element elementor-element-4740602 e-con-full e-flex e-con e-child\" data-id=\"4740602\" data-element_type=\"container\" data-e-type=\"container\">\n\t\t\t\t<div class=\"elementor-element elementor-element-1ba008f elementor-widget__width-initial elementor-widget elementor-widget-heading\" data-id=\"1ba008f\" data-element_type=\"widget\" data-e-type=\"widget\" data-widget_type=\"heading.default\">\n\t\t\t\t<div class=\"elementor-widget-container\">\n\t\t\t\t\t<h2 class=\"elementor-heading-title elementor-size-default\">CARTA<br>vini<\/h2>\t\t\t\t<\/div>\n\t\t\t\t<\/div>\n\t\t\t\t<\/div>\n\t\t\t\t<\/div>\n\t\t\t\t<\/div>\n\t\t<div class=\"elementor-element elementor-element-c03b75c e-con-full e-flex e-con e-child\" data-id=\"c03b75c\" data-element_type=\"container\" data-e-type=\"container\">\n\t\t<div class=\"elementor-element elementor-element-208bb32 e-con-full e-flex e-con e-child\" data-id=\"208bb32\" data-element_type=\"container\" data-e-type=\"container\" data-settings=\"{&quot;background_background&quot;:&quot;classic&quot;,&quot;motion_fx_motion_fx_scrolling&quot;:&quot;yes&quot;,&quot;motion_fx_translateX_effect&quot;:&quot;yes&quot;,&quot;motion_fx_translateX_speed&quot;:{&quot;unit&quot;:&quot;px&quot;,&quot;size&quot;:10,&quot;sizes&quot;:[]},&quot;motion_fx_translateX_affectedRange&quot;:{&quot;unit&quot;:&quot;%&quot;,&quot;size&quot;:&quot;&quot;,&quot;sizes&quot;:{&quot;start&quot;:0,&quot;end&quot;:39}},&quot;motion_fx_opacity_effect&quot;:&quot;yes&quot;,&quot;motion_fx_opacity_direction&quot;:&quot;in-out&quot;,&quot;motion_fx_opacity_range&quot;:{&quot;unit&quot;:&quot;%&quot;,&quot;size&quot;:&quot;&quot;,&quot;sizes&quot;:{&quot;start&quot;:57,&quot;end&quot;:80}},&quot;motion_fx_opacity_level&quot;:{&quot;unit&quot;:&quot;px&quot;,&quot;size&quot;:10,&quot;sizes&quot;:[]},&quot;motion_fx_devices&quot;:[&quot;desktop&quot;,&quot;tablet&quot;,&quot;mobile&quot;]}\">\n\t\t\t\t<\/div>\n\t\t\t\t<\/div>\n\t\t\t\t<\/div>\n\t\t<div class=\"elementor-element elementor-element-0a58633 e-con-full e-flex e-con e-child\" data-id=\"0a58633\" data-element_type=\"container\" data-e-type=\"container\">\n\t\t\t\t<\/div>\n\t\t\t\t<\/div>\n\t\t\t\t<\/div>\n\t\t","protected":false},"excerpt":{"rendered":"<p>La Cantina PASSIONE, SCOPERTA E CONDIVISIONE Il vino per noi \u00e8 passione, scoperta e condivisione. La passione ci lega alle aziende e ai piccoli vignaioli che ogni giorno cercano di valorizzare il proprio territorio attraverso il vino. La scoperta \u00e8 il lavoro di ricerca, alimentato da una costante curiosit\u00e0 per scoprire nuove realt\u00e0. La condivisione [&hellip;]<\/p>\n","protected":false},"author":1,"featured_media":83,"parent":0,"menu_order":0,"comment_status":"closed","ping_status":"closed","template":"","meta":{"footnotes":""},"class_list":["post-477","page","type-page","status-publish","has-post-thumbnail","hentry"],"yoast_head":"<!-- This site is optimized with the Yoast SEO plugin v27.4 - https:\/\/yoast.com\/product\/yoast-seo-wordpress\/ -->\n<title>La Cantina - La Carbonara<\/title>\n<meta name=\"description\" content=\"Scopri la cantina del Ristorante La Carbonara a Roma: una selezione di vini autentici, tra passione, scoperta e condivisione.\" \/>\n<meta name=\"robots\" content=\"index, follow, max-snippet:-1, max-image-preview:large, max-video-preview:-1\" \/>\n<link rel=\"canonical\" href=\"https:\/\/ristorantelacarbonara.it\/en\/la-cantina\/\" \/>\n<meta property=\"og:locale\" content=\"en_GB\" \/>\n<meta property=\"og:type\" content=\"article\" \/>\n<meta property=\"og:title\" content=\"La Cantina - La Carbonara\" \/>\n<meta property=\"og:description\" content=\"Scopri la cantina del Ristorante La Carbonara a Roma: una selezione di vini autentici, tra passione, scoperta e condivisione.\" \/>\n<meta property=\"og:url\" content=\"https:\/\/ristorantelacarbonara.it\/en\/la-cantina\/\" \/>\n<meta property=\"og:site_name\" content=\"La Carbonara\" \/>\n<meta property=\"article:modified_time\" content=\"2025-05-02T09:11:32+00:00\" \/>\n<meta property=\"og:image\" content=\"https:\/\/ristorantelacarbonara.it\/wp-content\/uploads\/2024\/10\/color.png\" \/>\n\t<meta property=\"og:image:width\" content=\"4500\" \/>\n\t<meta property=\"og:image:height\" content=\"4500\" \/>\n\t<meta property=\"og:image:type\" content=\"image\/png\" \/>\n<meta name=\"twitter:card\" content=\"summary_large_image\" \/>\n<meta name=\"twitter:label1\" content=\"Estimated reading time\" \/>\n\t<meta name=\"twitter:data1\" content=\"1 minute\" \/>\n<script type=\"application\/ld+json\" class=\"yoast-schema-graph\">{\"@context\":\"https:\\\/\\\/schema.org\",\"@graph\":[{\"@type\":\"WebPage\",\"@id\":\"https:\\\/\\\/ristorantelacarbonara.it\\\/la-cantina\\\/\",\"url\":\"https:\\\/\\\/ristorantelacarbonara.it\\\/la-cantina\\\/\",\"name\":\"La Cantina - La Carbonara\",\"isPartOf\":{\"@id\":\"https:\\\/\\\/ristorantelacarbonara.it\\\/#website\"},\"primaryImageOfPage\":{\"@id\":\"https:\\\/\\\/ristorantelacarbonara.it\\\/la-cantina\\\/#primaryimage\"},\"image\":{\"@id\":\"https:\\\/\\\/ristorantelacarbonara.it\\\/la-cantina\\\/#primaryimage\"},\"thumbnailUrl\":\"https:\\\/\\\/ristorantelacarbonara.it\\\/wp-content\\\/uploads\\\/2024\\\/10\\\/color.png\",\"datePublished\":\"2025-02-27T13:39:17+00:00\",\"dateModified\":\"2025-05-02T09:11:32+00:00\",\"description\":\"Scopri la cantina del Ristorante La Carbonara a Roma: una selezione di vini autentici, tra passione, scoperta e condivisione.\",\"breadcrumb\":{\"@id\":\"https:\\\/\\\/ristorantelacarbonara.it\\\/la-cantina\\\/#breadcrumb\"},\"inLanguage\":\"en-GB\",\"potentialAction\":[{\"@type\":\"ReadAction\",\"target\":[\"https:\\\/\\\/ristorantelacarbonara.it\\\/la-cantina\\\/\"]}]},{\"@type\":\"ImageObject\",\"inLanguage\":\"en-GB\",\"@id\":\"https:\\\/\\\/ristorantelacarbonara.it\\\/la-cantina\\\/#primaryimage\",\"url\":\"https:\\\/\\\/ristorantelacarbonara.it\\\/wp-content\\\/uploads\\\/2024\\\/10\\\/color.png\",\"contentUrl\":\"https:\\\/\\\/ristorantelacarbonara.it\\\/wp-content\\\/uploads\\\/2024\\\/10\\\/color.png\",\"width\":4500,\"height\":4500},{\"@type\":\"BreadcrumbList\",\"@id\":\"https:\\\/\\\/ristorantelacarbonara.it\\\/la-cantina\\\/#breadcrumb\",\"itemListElement\":[{\"@type\":\"ListItem\",\"position\":1,\"name\":\"Home\",\"item\":\"https:\\\/\\\/ristorantelacarbonara.it\\\/\"},{\"@type\":\"ListItem\",\"position\":2,\"name\":\"La Cantina\"}]},{\"@type\":\"WebSite\",\"@id\":\"https:\\\/\\\/ristorantelacarbonara.it\\\/#website\",\"url\":\"https:\\\/\\\/ristorantelacarbonara.it\\\/\",\"name\":\"La Carbonara\",\"description\":\"Roma\",\"publisher\":{\"@id\":\"https:\\\/\\\/ristorantelacarbonara.it\\\/#organization\"},\"potentialAction\":[{\"@type\":\"SearchAction\",\"target\":{\"@type\":\"EntryPoint\",\"urlTemplate\":\"https:\\\/\\\/ristorantelacarbonara.it\\\/?s={search_term_string}\"},\"query-input\":{\"@type\":\"PropertyValueSpecification\",\"valueRequired\":true,\"valueName\":\"search_term_string\"}}],\"inLanguage\":\"en-GB\"},{\"@type\":\"Organization\",\"@id\":\"https:\\\/\\\/ristorantelacarbonara.it\\\/#organization\",\"name\":\"La Carbonara\",\"url\":\"https:\\\/\\\/ristorantelacarbonara.it\\\/\",\"logo\":{\"@type\":\"ImageObject\",\"inLanguage\":\"en-GB\",\"@id\":\"https:\\\/\\\/ristorantelacarbonara.it\\\/#\\\/schema\\\/logo\\\/image\\\/\",\"url\":\"https:\\\/\\\/ristorantelacarbonara.it\\\/wp-content\\\/uploads\\\/2024\\\/10\\\/color.png\",\"contentUrl\":\"https:\\\/\\\/ristorantelacarbonara.it\\\/wp-content\\\/uploads\\\/2024\\\/10\\\/color.png\",\"width\":4500,\"height\":4500,\"caption\":\"La Carbonara\"},\"image\":{\"@id\":\"https:\\\/\\\/ristorantelacarbonara.it\\\/#\\\/schema\\\/logo\\\/image\\\/\"}}]}<\/script>\n<!-- \/ Yoast SEO plugin. -->","yoast_head_json":{"title":"La Cantina - La Carbonara","description":"Scopri la cantina del Ristorante La Carbonara a Roma: una selezione di vini autentici, tra passione, scoperta e condivisione.","robots":{"index":"index","follow":"follow","max-snippet":"max-snippet:-1","max-image-preview":"max-image-preview:large","max-video-preview":"max-video-preview:-1"},"canonical":"https:\/\/ristorantelacarbonara.it\/en\/la-cantina\/","og_locale":"en_GB","og_type":"article","og_title":"La Cantina - La Carbonara","og_description":"Scopri la cantina del Ristorante La Carbonara a Roma: una selezione di vini autentici, tra passione, scoperta e condivisione.","og_url":"https:\/\/ristorantelacarbonara.it\/en\/la-cantina\/","og_site_name":"La Carbonara","article_modified_time":"2025-05-02T09:11:32+00:00","og_image":[{"width":4500,"height":4500,"url":"https:\/\/ristorantelacarbonara.it\/wp-content\/uploads\/2024\/10\/color.png","type":"image\/png"}],"twitter_card":"summary_large_image","twitter_misc":{"Estimated reading time":"1 minute"},"schema":{"@context":"https:\/\/schema.org","@graph":[{"@type":"WebPage","@id":"https:\/\/ristorantelacarbonara.it\/la-cantina\/","url":"https:\/\/ristorantelacarbonara.it\/la-cantina\/","name":"La Cantina - La Carbonara","isPartOf":{"@id":"https:\/\/ristorantelacarbonara.it\/#website"},"primaryImageOfPage":{"@id":"https:\/\/ristorantelacarbonara.it\/la-cantina\/#primaryimage"},"image":{"@id":"https:\/\/ristorantelacarbonara.it\/la-cantina\/#primaryimage"},"thumbnailUrl":"https:\/\/ristorantelacarbonara.it\/wp-content\/uploads\/2024\/10\/color.png","datePublished":"2025-02-27T13:39:17+00:00","dateModified":"2025-05-02T09:11:32+00:00","description":"Scopri la cantina del Ristorante La Carbonara a Roma: una selezione di vini autentici, tra passione, scoperta e condivisione.","breadcrumb":{"@id":"https:\/\/ristorantelacarbonara.it\/la-cantina\/#breadcrumb"},"inLanguage":"en-GB","potentialAction":[{"@type":"ReadAction","target":["https:\/\/ristorantelacarbonara.it\/la-cantina\/"]}]},{"@type":"ImageObject","inLanguage":"en-GB","@id":"https:\/\/ristorantelacarbonara.it\/la-cantina\/#primaryimage","url":"https:\/\/ristorantelacarbonara.it\/wp-content\/uploads\/2024\/10\/color.png","contentUrl":"https:\/\/ristorantelacarbonara.it\/wp-content\/uploads\/2024\/10\/color.png","width":4500,"height":4500},{"@type":"BreadcrumbList","@id":"https:\/\/ristorantelacarbonara.it\/la-cantina\/#breadcrumb","itemListElement":[{"@type":"ListItem","position":1,"name":"Home","item":"https:\/\/ristorantelacarbonara.it\/"},{"@type":"ListItem","position":2,"name":"La Cantina"}]},{"@type":"WebSite","@id":"https:\/\/ristorantelacarbonara.it\/#website","url":"https:\/\/ristorantelacarbonara.it\/","name":"La Carbonara","description":"Roma","publisher":{"@id":"https:\/\/ristorantelacarbonara.it\/#organization"},"potentialAction":[{"@type":"SearchAction","target":{"@type":"EntryPoint","urlTemplate":"https:\/\/ristorantelacarbonara.it\/?s={search_term_string}"},"query-input":{"@type":"PropertyValueSpecification","valueRequired":true,"valueName":"search_term_string"}}],"inLanguage":"en-GB"},{"@type":"Organization","@id":"https:\/\/ristorantelacarbonara.it\/#organization","name":"La Carbonara","url":"https:\/\/ristorantelacarbonara.it\/","logo":{"@type":"ImageObject","inLanguage":"en-GB","@id":"https:\/\/ristorantelacarbonara.it\/#\/schema\/logo\/image\/","url":"https:\/\/ristorantelacarbonara.it\/wp-content\/uploads\/2024\/10\/color.png","contentUrl":"https:\/\/ristorantelacarbonara.it\/wp-content\/uploads\/2024\/10\/color.png","width":4500,"height":4500,"caption":"La Carbonara"},"image":{"@id":"https:\/\/ristorantelacarbonara.it\/#\/schema\/logo\/image\/"}}]}},"_links":{"self":[{"href":"https:\/\/ristorantelacarbonara.it\/en\/wp-json\/wp\/v2\/pages\/477","targetHints":{"allow":["GET"]}}],"collection":[{"href":"https:\/\/ristorantelacarbonara.it\/en\/wp-json\/wp\/v2\/pages"}],"about":[{"href":"https:\/\/ristorantelacarbonara.it\/en\/wp-json\/wp\/v2\/types\/page"}],"author":[{"embeddable":true,"href":"https:\/\/ristorantelacarbonara.it\/en\/wp-json\/wp\/v2\/users\/1"}],"replies":[{"embeddable":true,"href":"https:\/\/ristorantelacarbonara.it\/en\/wp-json\/wp\/v2\/comments?post=477"}],"version-history":[{"count":28,"href":"https:\/\/ristorantelacarbonara.it\/en\/wp-json\/wp\/v2\/pages\/477\/revisions"}],"predecessor-version":[{"id":776,"href":"https:\/\/ristorantelacarbonara.it\/en\/wp-json\/wp\/v2\/pages\/477\/revisions\/776"}],"wp:featuredmedia":[{"embeddable":true,"href":"https:\/\/ristorantelacarbonara.it\/en\/wp-json\/wp\/v2\/media\/83"}],"wp:attachment":[{"href":"https:\/\/ristorantelacarbonara.it\/en\/wp-json\/wp\/v2\/media?parent=477"}],"curies":[{"name":"wp","href":"https:\/\/api.w.org\/{rel}","templated":true}]}}